{"id":107,"date":"2020-07-28T16:40:32","date_gmt":"2020-07-28T19:40:32","guid":{"rendered":"http:\/\/iludi.design\/?page_id=107"},"modified":"2022-05-09T08:32:43","modified_gmt":"2022-05-09T11:32:43","slug":"trabaja-con-nosotros","status":"publish","type":"page","link":"https:\/\/iludi.design\/es\/trabaja-con-nosotros\/","title":{"rendered":"Trabaja <br>Con Nosotros"},"content":{"rendered":"\n<p>\u00a1Ven a nuestro equipo!<\/p>\n\n\n\n<p>Aqu\u00ed nos encargamos del dise\u00f1o, los productos y todo lo que hay detr\u00e1s de ellos. Por encima de la madera, el metal y el hormig\u00f3n, hay piel, alma, sonrisas. Antes de hablar de forma y funci\u00f3n, hablamos de cuidado y atenci\u00f3n. Porque creemos firmemente que las ideas que se mueven por s\u00ed solas no terminan yendo a ninguna parte.<\/p>\n\n\n\n<p>Iludi, ideas en movimiento, siempre.<\/p>\n\n\n\n<p>Autorizo a Iludi Design a almacenar y tratar los datos personales enviados para proporcionar el contenido solicitado, de conformidad con la LGPD.<\/p>\n","protected":false},"excerpt":{"rendered":"<p>\u00a1Ven a nuestro equipo! Aqu\u00ed nos encargamos del dise\u00f1o, los productos y todo lo que hay detr\u00e1s de ellos. Por encima de la madera, el metal y el hormig\u00f3n, hay piel, alma, sonrisas. Antes de hablar de forma y funci\u00f3n, hablamos de cuidado y atenci\u00f3n. Porque creemos firmemente que las ideas que se mueven por [&hellip;]<\/p>\n","protected":false},"author":1,"featured_media":3456,"parent":0,"menu_order":0,"comment_status":"closed","ping_status":"closed","template":"trabalhe.php","meta":[],"_links":{"self":[{"href":"https:\/\/iludi.design\/es\/wp-json\/wp\/v2\/pages\/107"}],"collection":[{"href":"https:\/\/iludi.design\/es\/wp-json\/wp\/v2\/pages"}],"about":[{"href":"https:\/\/iludi.design\/es\/wp-json\/wp\/v2\/types\/page"}],"author":[{"embeddable":true,"href":"https:\/\/iludi.design\/es\/wp-json\/wp\/v2\/users\/1"}],"replies":[{"embeddable":true,"href":"https:\/\/iludi.design\/es\/wp-json\/wp\/v2\/comments?post=107"}],"version-history":[{"count":7,"href":"https:\/\/iludi.design\/es\/wp-json\/wp\/v2\/pages\/107\/revisions"}],"predecessor-version":[{"id":3770,"href":"https:\/\/iludi.design\/es\/wp-json\/wp\/v2\/pages\/107\/revisions\/3770"}],"wp:featuredmedia":[{"embeddable":true,"href":"https:\/\/iludi.design\/es\/wp-json\/wp\/v2\/media\/3456"}],"wp:attachment":[{"href":"https:\/\/iludi.design\/es\/wp-json\/wp\/v2\/media?parent=107"}],"curies":[{"name":"wp","href":"https:\/\/api.w.org\/{rel}","templated":true}]}}