{"id":71,"date":"2020-05-20T18:02:09","date_gmt":"2020-05-20T21:02:09","guid":{"rendered":"http:\/\/iludi.design\/?page_id=71"},"modified":"2021-10-24T16:13:36","modified_gmt":"2021-10-24T19:13:36","slug":"programa-de-internos","status":"publish","type":"page","link":"https:\/\/iludi.design\/es\/programa-de-internos\/","title":{"rendered":"Programa <br>de internos"},"content":{"rendered":"\n<p>\u00a1Ven a nuestro equipo!<\/p>\n\n\n\n<p>Aqu\u00ed nos encargamos del dise\u00f1o, los productos y todo lo que hay detr\u00e1s de ellos. Por encima de la madera, el metal y el hormig\u00f3n, hay piel, alma, sonrisas. Antes de hablar de forma y funci\u00f3n, hablamos de cuidado y atenci\u00f3n. Porque creemos firmemente que las ideas que se mueven por s\u00ed solas no terminan yendo a ninguna parte.<\/p>\n\n\n\n<p>Iludi, ideas en movimiento, siempre.<\/p>\n","protected":false},"excerpt":{"rendered":"<p>\u00a1Ven a nuestro equipo! Aqu\u00ed nos encargamos del dise\u00f1o, los productos y todo lo que hay detr\u00e1s de ellos. Por encima de la madera, el metal y el hormig\u00f3n, hay piel, alma, sonrisas. Antes de hablar de forma y funci\u00f3n, hablamos de cuidado y atenci\u00f3n. Porque creemos firmemente que las ideas que se mueven por [&hellip;]<\/p>\n","protected":false},"author":1,"featured_media":3455,"parent":0,"menu_order":0,"comment_status":"closed","ping_status":"closed","template":"programa.php","meta":[],"_links":{"self":[{"href":"https:\/\/iludi.design\/es\/wp-json\/wp\/v2\/pages\/71"}],"collection":[{"href":"https:\/\/iludi.design\/es\/wp-json\/wp\/v2\/pages"}],"about":[{"href":"https:\/\/iludi.design\/es\/wp-json\/wp\/v2\/types\/page"}],"author":[{"embeddable":true,"href":"https:\/\/iludi.design\/es\/wp-json\/wp\/v2\/users\/1"}],"replies":[{"embeddable":true,"href":"https:\/\/iludi.design\/es\/wp-json\/wp\/v2\/comments?post=71"}],"version-history":[{"count":13,"href":"https:\/\/iludi.design\/es\/wp-json\/wp\/v2\/pages\/71\/revisions"}],"predecessor-version":[{"id":3645,"href":"https:\/\/iludi.design\/es\/wp-json\/wp\/v2\/pages\/71\/revisions\/3645"}],"wp:featuredmedia":[{"embeddable":true,"href":"https:\/\/iludi.design\/es\/wp-json\/wp\/v2\/media\/3455"}],"wp:attachment":[{"href":"https:\/\/iludi.design\/es\/wp-json\/wp\/v2\/media?parent=71"}],"curies":[{"name":"wp","href":"https:\/\/api.w.org\/{rel}","templated":true}]}}